{"id":190,"date":"2026-04-18T21:27:27","date_gmt":"2026-04-18T21:27:27","guid":{"rendered":"https:\/\/motus-graz.at\/?page_id=190"},"modified":"2026-05-16T20:35:09","modified_gmt":"2026-05-16T20:35:09","slug":"impressum","status":"publish","type":"page","link":"https:\/\/motus-graz.at\/?page_id=190","title":{"rendered":"Impressum"},"content":{"rendered":"\n<p>Offenlegung gem\u00e4\u00df Mediengesetz (MedienG) und E\u2011Commerce\u2011Gesetz (ECG)<\/p>\n\n\n\n<h3 class=\"wp-block-heading has-text-color has-link-color wp-elements-f1ea6e3a062912cab22903fad77954e1\" style=\"color:#09d1cc\">Verein<\/h3>\n\n\n\n<p>SPORTUNION motus GRAZ<br>c\/o Dietmar Halsegger<br>Kaiserwiesenweg 3a<br>8055 Graz<br>\u00d6sterreich<br><br>ZVR-Zahl: 1566398422<\/p>\n\n\n\n<p>Bankverbindung<br>Kontoinhaber: SPORTUNION motus GRAZ<br>IBAN: AT95\u00a02081\u00a05000\u00a04747\u00a00323<br>BIC: STSPAT2GXXX<\/p>\n\n\n\n<h3 class=\"wp-block-heading has-text-color has-link-color wp-elements-de8f300b1821b4ac719d00513f4bc72f\" style=\"color:#09d1cc\">Vertretungsbefugte Personen<\/h3>\n\n\n\n<p>Obmann: Dietmar Halsegger<br>Kassier: Tobias Holter<br>Schriftf\u00fchrer: Georg Halatsch<\/p>\n\n\n\n<h3 class=\"wp-block-heading has-text-color has-link-color wp-elements-dab5403b1fc300746d9e6652f1274e0d\" style=\"color:#09d1cc\">Kontakt<\/h3>\n\n\n\n<p>E\u2011Mail: office@motus-graz.at<br>Telefon: + 43 664 7961358<\/p>\n\n\n\n<h3 class=\"wp-block-heading has-text-color has-link-color wp-elements-f9f111c50c842f7ebf294668ec2ee0d1\" style=\"color:#09d1cc\">Medieninhaber<\/h3>\n\n\n\n<p>SPORTUNION motus GRAZ<\/p>\n\n\n\n<h3 class=\"wp-block-heading has-text-color has-link-color wp-elements-551f9f89dfe65bf5133330bb050f5231\" style=\"color:#09d1cc\">Grundlegende Richtung der Website<\/h3>\n\n\n\n<p>Informationen \u00fcber Aktivit\u00e4ten, Trainings- bzw. Meisterschaftsbetrieb, Veranstaltungen und Projekte des Vereins<\/p>\n\n\n\n<h3 class=\"wp-block-heading has-text-color has-link-color wp-elements-3ca985b1d23ac7f1b35a316c35e0b4e6\" style=\"color:#09d1cc\">Haftungsausschluss<\/h3>\n\n\n\n<p>F\u00fcr Inhalte externer Links wird keine Haftung \u00fcbernommen. F\u00fcr den Inhalt verlinkter Seiten sind ausschlie\u00dflich deren Betreiber verantwortlich.<\/p>\n\n\n\n<p><\/p>\n","protected":false},"excerpt":{"rendered":"<p>Offenlegung gem\u00e4\u00df Mediengesetz (MedienG) und E\u2011Commerce\u2011Gesetz (ECG) Verein SPORTUNION motus GRAZc\/o Dietmar HalseggerKaiserwiesenweg 3a8055 Graz\u00d6sterreich ZVR-Zahl: 1566398422 BankverbindungKontoinhaber: SPORTUNION motus GRAZIBAN: AT95\u00a02081\u00a05000\u00a04747\u00a00323BIC: STSPAT2GXXX Vertretungsbefugte Personen Obmann: Dietmar HalseggerKassier: Tobias HolterSchriftf\u00fchrer: Georg Halatsch Kontakt E\u2011Mail: office@motus-graz.atTelefon: + 43 664 7961358 Medieninhaber SPORTUNION motus GRAZ Grundlegende Richtung der Website Informationen \u00fcber Aktivit\u00e4ten, Trainings- bzw. Meisterschaftsbetrieb, Veranstaltungen und [&hellip;]<\/p>\n","protected":false},"author":1,"featured_media":0,"parent":0,"menu_order":0,"comment_status":"closed","ping_status":"closed","template":"","meta":{"footnotes":""},"class_list":["post-190","page","type-page","status-publish","hentry"],"yoast_head":"<!-- This site is optimized with the Yoast SEO plugin v27.6 - https:\/\/yoast.com\/product\/yoast-seo-wordpress\/ -->\n<title>Impressum - SPORTUNION motus GRAZ<\/title>\n<meta name=\"robots\" content=\"index, follow, max-snippet:-1, max-image-preview:large, max-video-preview:-1\" \/>\n<link rel=\"canonical\" href=\"https:\/\/motus-graz.at\/?page_id=190\" \/>\n<meta property=\"og:locale\" content=\"de_DE\" \/>\n<meta property=\"og:type\" content=\"article\" \/>\n<meta property=\"og:title\" content=\"Impressum - SPORTUNION motus GRAZ\" \/>\n<meta property=\"og:description\" content=\"Offenlegung gem\u00e4\u00df Mediengesetz (MedienG) und E\u2011Commerce\u2011Gesetz (ECG) Verein SPORTUNION motus GRAZc\/o Dietmar HalseggerKaiserwiesenweg 3a8055 Graz\u00d6sterreich ZVR-Zahl: 1566398422 BankverbindungKontoinhaber: SPORTUNION motus GRAZIBAN: AT95\u00a02081\u00a05000\u00a04747\u00a00323BIC: STSPAT2GXXX Vertretungsbefugte Personen Obmann: Dietmar HalseggerKassier: Tobias HolterSchriftf\u00fchrer: Georg Halatsch Kontakt E\u2011Mail: office@motus-graz.atTelefon: + 43 664 7961358 Medieninhaber SPORTUNION motus GRAZ Grundlegende Richtung der Website Informationen \u00fcber Aktivit\u00e4ten, Trainings- bzw. Meisterschaftsbetrieb, Veranstaltungen und [&hellip;]\" \/>\n<meta property=\"og:url\" content=\"https:\/\/motus-graz.at\/?page_id=190\" \/>\n<meta property=\"og:site_name\" content=\"SPORTUNION motus GRAZ\" \/>\n<meta property=\"article:modified_time\" content=\"2026-05-16T20:35:09+00:00\" \/>\n<meta name=\"twitter:card\" content=\"summary_large_image\" \/>\n<meta name=\"twitter:label1\" content=\"Gesch\u00e4tzte Lesezeit\" \/>\n\t<meta name=\"twitter:data1\" content=\"1 Minute\" \/>\n<script type=\"application\/ld+json\" class=\"yoast-schema-graph\">{\"@context\":\"https:\\\/\\\/schema.org\",\"@graph\":[{\"@type\":\"WebPage\",\"@id\":\"https:\\\/\\\/motus-graz.at\\\/?page_id=190\",\"url\":\"https:\\\/\\\/motus-graz.at\\\/?page_id=190\",\"name\":\"Impressum - SPORTUNION motus GRAZ\",\"isPartOf\":{\"@id\":\"https:\\\/\\\/motus-graz.at\\\/#website\"},\"datePublished\":\"2026-04-18T21:27:27+00:00\",\"dateModified\":\"2026-05-16T20:35:09+00:00\",\"breadcrumb\":{\"@id\":\"https:\\\/\\\/motus-graz.at\\\/?page_id=190#breadcrumb\"},\"inLanguage\":\"de-AT\",\"potentialAction\":[{\"@type\":\"ReadAction\",\"target\":[\"https:\\\/\\\/motus-graz.at\\\/?page_id=190\"]}]},{\"@type\":\"BreadcrumbList\",\"@id\":\"https:\\\/\\\/motus-graz.at\\\/?page_id=190#breadcrumb\",\"itemListElement\":[{\"@type\":\"ListItem\",\"position\":1,\"name\":\"Startseite\",\"item\":\"https:\\\/\\\/motus-graz.at\\\/\"},{\"@type\":\"ListItem\",\"position\":2,\"name\":\"Impressum\"}]},{\"@type\":\"WebSite\",\"@id\":\"https:\\\/\\\/motus-graz.at\\\/#website\",\"url\":\"https:\\\/\\\/motus-graz.at\\\/\",\"name\":\"SPORTUNION motus GRAZ\",\"description\":\"Tischtennis\",\"potentialAction\":[{\"@type\":\"SearchAction\",\"target\":{\"@type\":\"EntryPoint\",\"urlTemplate\":\"https:\\\/\\\/motus-graz.at\\\/?s={search_term_string}\"},\"query-input\":{\"@type\":\"PropertyValueSpecification\",\"valueRequired\":true,\"valueName\":\"search_term_string\"}}],\"inLanguage\":\"de-AT\"}]}<\/script>\n<!-- \/ Yoast SEO plugin. -->","yoast_head_json":{"title":"Impressum - SPORTUNION motus GRAZ","robots":{"index":"index","follow":"follow","max-snippet":"max-snippet:-1","max-image-preview":"max-image-preview:large","max-video-preview":"max-video-preview:-1"},"canonical":"https:\/\/motus-graz.at\/?page_id=190","og_locale":"de_DE","og_type":"article","og_title":"Impressum - SPORTUNION motus GRAZ","og_description":"Offenlegung gem\u00e4\u00df Mediengesetz (MedienG) und E\u2011Commerce\u2011Gesetz (ECG) Verein SPORTUNION motus GRAZc\/o Dietmar HalseggerKaiserwiesenweg 3a8055 Graz\u00d6sterreich ZVR-Zahl: 1566398422 BankverbindungKontoinhaber: SPORTUNION motus GRAZIBAN: AT95\u00a02081\u00a05000\u00a04747\u00a00323BIC: STSPAT2GXXX Vertretungsbefugte Personen Obmann: Dietmar HalseggerKassier: Tobias HolterSchriftf\u00fchrer: Georg Halatsch Kontakt E\u2011Mail: office@motus-graz.atTelefon: + 43 664 7961358 Medieninhaber SPORTUNION motus GRAZ Grundlegende Richtung der Website Informationen \u00fcber Aktivit\u00e4ten, Trainings- bzw. Meisterschaftsbetrieb, Veranstaltungen und [&hellip;]","og_url":"https:\/\/motus-graz.at\/?page_id=190","og_site_name":"SPORTUNION motus GRAZ","article_modified_time":"2026-05-16T20:35:09+00:00","twitter_card":"summary_large_image","twitter_misc":{"Gesch\u00e4tzte Lesezeit":"1 Minute"},"schema":{"@context":"https:\/\/schema.org","@graph":[{"@type":"WebPage","@id":"https:\/\/motus-graz.at\/?page_id=190","url":"https:\/\/motus-graz.at\/?page_id=190","name":"Impressum - SPORTUNION motus GRAZ","isPartOf":{"@id":"https:\/\/motus-graz.at\/#website"},"datePublished":"2026-04-18T21:27:27+00:00","dateModified":"2026-05-16T20:35:09+00:00","breadcrumb":{"@id":"https:\/\/motus-graz.at\/?page_id=190#breadcrumb"},"inLanguage":"de-AT","potentialAction":[{"@type":"ReadAction","target":["https:\/\/motus-graz.at\/?page_id=190"]}]},{"@type":"BreadcrumbList","@id":"https:\/\/motus-graz.at\/?page_id=190#breadcrumb","itemListElement":[{"@type":"ListItem","position":1,"name":"Startseite","item":"https:\/\/motus-graz.at\/"},{"@type":"ListItem","position":2,"name":"Impressum"}]},{"@type":"WebSite","@id":"https:\/\/motus-graz.at\/#website","url":"https:\/\/motus-graz.at\/","name":"SPORTUNION motus GRAZ","description":"Tischtennis","potentialAction":[{"@type":"SearchAction","target":{"@type":"EntryPoint","urlTemplate":"https:\/\/motus-graz.at\/?s={search_term_string}"},"query-input":{"@type":"PropertyValueSpecification","valueRequired":true,"valueName":"search_term_string"}}],"inLanguage":"de-AT"}]}},"_links":{"self":[{"href":"https:\/\/motus-graz.at\/index.php?rest_route=\/wp\/v2\/pages\/190","targetHints":{"allow":["GET"]}}],"collection":[{"href":"https:\/\/motus-graz.at\/index.php?rest_route=\/wp\/v2\/pages"}],"about":[{"href":"https:\/\/motus-graz.at\/index.php?rest_route=\/wp\/v2\/types\/page"}],"author":[{"embeddable":true,"href":"https:\/\/motus-graz.at\/index.php?rest_route=\/wp\/v2\/users\/1"}],"replies":[{"embeddable":true,"href":"https:\/\/motus-graz.at\/index.php?rest_route=%2Fwp%2Fv2%2Fcomments&post=190"}],"version-history":[{"count":4,"href":"https:\/\/motus-graz.at\/index.php?rest_route=\/wp\/v2\/pages\/190\/revisions"}],"predecessor-version":[{"id":248,"href":"https:\/\/motus-graz.at\/index.php?rest_route=\/wp\/v2\/pages\/190\/revisions\/248"}],"wp:attachment":[{"href":"https:\/\/motus-graz.at\/index.php?rest_route=%2Fwp%2Fv2%2Fmedia&parent=190"}],"curies":[{"name":"wp","href":"https:\/\/api.w.org\/{rel}","templated":true}]}}