{"id":199,"date":"2026-05-16T19:30:16","date_gmt":"2026-05-16T19:30:16","guid":{"rendered":"https:\/\/motus-graz.at\/?page_id=199"},"modified":"2026-05-16T19:30:18","modified_gmt":"2026-05-16T19:30:18","slug":"mitglied-beim-stttv","status":"publish","type":"page","link":"https:\/\/motus-graz.at\/?page_id=199","title":{"rendered":"Mitglied beim STTTV"},"content":{"rendered":"\n<figure class=\"wp-block-image aligncenter size-large is-resized\"><img loading=\"lazy\" decoding=\"async\" width=\"1024\" height=\"413\" src=\"https:\/\/motus-graz.at\/wp-content\/uploads\/2026\/05\/stttv_blue_red-1024x413.png\" alt=\"\" class=\"wp-image-240\" style=\"aspect-ratio:2.479258804919779;width:477px;height:auto\" srcset=\"https:\/\/motus-graz.at\/wp-content\/uploads\/2026\/05\/stttv_blue_red-1024x413.png 1024w, https:\/\/motus-graz.at\/wp-content\/uploads\/2026\/05\/stttv_blue_red-300x121.png 300w, https:\/\/motus-graz.at\/wp-content\/uploads\/2026\/05\/stttv_blue_red-768x310.png 768w, https:\/\/motus-graz.at\/wp-content\/uploads\/2026\/05\/stttv_blue_red-1536x620.png 1536w, https:\/\/motus-graz.at\/wp-content\/uploads\/2026\/05\/stttv_blue_red-2048x826.png 2048w\" sizes=\"auto, (max-width: 1024px) 100vw, 1024px\" \/><\/figure>\n\n\n\n<p>Der Verein ist Mitglied beim  <a href=\"https:\/\/stttv.at\/\">Steirischen Tischtennisverband &#8211; STTTV<\/a>.<\/p>\n\n\n\n<p><\/p>\n\n\n\n<p>Links zu \u00fcbergeordneten Fachverb\u00e4nden: <\/p>\n\n\n\n<p class=\"has-text-align-center\"><a href=\"https:\/\/www.oettv.org\/\">\u00d6sterreichischer Tischtennisverband &#8211; \u00d6TTV<\/a><\/p>\n\n\n\n<p class=\"has-text-align-center\"><a href=\"https:\/\/www.ettu.org\/\">Europ\u00e4ischer Tischtennisverband \u2013 ETTU<\/a><\/p>\n\n\n\n<p class=\"has-text-align-center\"><a href=\"https:\/\/www.ittf.com\/\">Internationaler Tischtennisverband \u2013 ITTF<\/a><\/p>\n\n\n\n<p><\/p>\n","protected":false},"excerpt":{"rendered":"<p>Der Verein ist Mitglied beim Steirischen Tischtennisverband &#8211; STTTV. Links zu \u00fcbergeordneten Fachverb\u00e4nden: \u00d6sterreichischer Tischtennisverband &#8211; \u00d6TTV Europ\u00e4ischer Tischtennisverband \u2013 ETTU Internationaler Tischtennisverband \u2013 ITTF<\/p>\n","protected":false},"author":1,"featured_media":0,"parent":0,"menu_order":0,"comment_status":"closed","ping_status":"closed","template":"","meta":{"footnotes":""},"class_list":["post-199","page","type-page","status-publish","hentry"],"yoast_head":"<!-- This site is optimized with the Yoast SEO plugin v27.6 - https:\/\/yoast.com\/product\/yoast-seo-wordpress\/ -->\n<title>Mitglied beim STTTV - SPORTUNION motus GRAZ<\/title>\n<meta name=\"robots\" content=\"index, follow, max-snippet:-1, max-image-preview:large, max-video-preview:-1\" \/>\n<link rel=\"canonical\" href=\"https:\/\/motus-graz.at\/?page_id=199\" \/>\n<meta property=\"og:locale\" content=\"de_DE\" \/>\n<meta property=\"og:type\" content=\"article\" \/>\n<meta property=\"og:title\" content=\"Mitglied beim STTTV - SPORTUNION motus GRAZ\" \/>\n<meta property=\"og:description\" content=\"Der Verein ist Mitglied beim Steirischen Tischtennisverband &#8211; STTTV. Links zu \u00fcbergeordneten Fachverb\u00e4nden: \u00d6sterreichischer Tischtennisverband &#8211; \u00d6TTV Europ\u00e4ischer Tischtennisverband \u2013 ETTU Internationaler Tischtennisverband \u2013 ITTF\" \/>\n<meta property=\"og:url\" content=\"https:\/\/motus-graz.at\/?page_id=199\" \/>\n<meta property=\"og:site_name\" content=\"SPORTUNION motus GRAZ\" \/>\n<meta property=\"article:modified_time\" content=\"2026-05-16T19:30:18+00:00\" \/>\n<meta property=\"og:image\" content=\"https:\/\/motus-graz.at\/wp-content\/uploads\/2026\/05\/stttv_blue_red-scaled.png\" \/>\n\t<meta property=\"og:image:width\" content=\"2560\" \/>\n\t<meta property=\"og:image:height\" content=\"1033\" \/>\n\t<meta property=\"og:image:type\" content=\"image\/png\" \/>\n<meta name=\"twitter:card\" content=\"summary_large_image\" \/>\n<meta name=\"twitter:label1\" content=\"Gesch\u00e4tzte Lesezeit\" \/>\n\t<meta name=\"twitter:data1\" content=\"1 Minute\" \/>\n<script type=\"application\/ld+json\" class=\"yoast-schema-graph\">{\"@context\":\"https:\\\/\\\/schema.org\",\"@graph\":[{\"@type\":\"WebPage\",\"@id\":\"https:\\\/\\\/motus-graz.at\\\/?page_id=199\",\"url\":\"https:\\\/\\\/motus-graz.at\\\/?page_id=199\",\"name\":\"Mitglied beim STTTV - SPORTUNION motus GRAZ\",\"isPartOf\":{\"@id\":\"https:\\\/\\\/motus-graz.at\\\/#website\"},\"primaryImageOfPage\":{\"@id\":\"https:\\\/\\\/motus-graz.at\\\/?page_id=199#primaryimage\"},\"image\":{\"@id\":\"https:\\\/\\\/motus-graz.at\\\/?page_id=199#primaryimage\"},\"thumbnailUrl\":\"https:\\\/\\\/motus-graz.at\\\/wp-content\\\/uploads\\\/2026\\\/05\\\/stttv_blue_red-1024x413.png\",\"datePublished\":\"2026-05-16T19:30:16+00:00\",\"dateModified\":\"2026-05-16T19:30:18+00:00\",\"breadcrumb\":{\"@id\":\"https:\\\/\\\/motus-graz.at\\\/?page_id=199#breadcrumb\"},\"inLanguage\":\"de-AT\",\"potentialAction\":[{\"@type\":\"ReadAction\",\"target\":[\"https:\\\/\\\/motus-graz.at\\\/?page_id=199\"]}]},{\"@type\":\"ImageObject\",\"inLanguage\":\"de-AT\",\"@id\":\"https:\\\/\\\/motus-graz.at\\\/?page_id=199#primaryimage\",\"url\":\"https:\\\/\\\/motus-graz.at\\\/wp-content\\\/uploads\\\/2026\\\/05\\\/stttv_blue_red-scaled.png\",\"contentUrl\":\"https:\\\/\\\/motus-graz.at\\\/wp-content\\\/uploads\\\/2026\\\/05\\\/stttv_blue_red-scaled.png\",\"width\":2560,\"height\":1033},{\"@type\":\"BreadcrumbList\",\"@id\":\"https:\\\/\\\/motus-graz.at\\\/?page_id=199#breadcrumb\",\"itemListElement\":[{\"@type\":\"ListItem\",\"position\":1,\"name\":\"Startseite\",\"item\":\"https:\\\/\\\/motus-graz.at\\\/\"},{\"@type\":\"ListItem\",\"position\":2,\"name\":\"Mitglied beim STTTV\"}]},{\"@type\":\"WebSite\",\"@id\":\"https:\\\/\\\/motus-graz.at\\\/#website\",\"url\":\"https:\\\/\\\/motus-graz.at\\\/\",\"name\":\"SPORTUNION motus GRAZ\",\"description\":\"Tischtennis\",\"potentialAction\":[{\"@type\":\"SearchAction\",\"target\":{\"@type\":\"EntryPoint\",\"urlTemplate\":\"https:\\\/\\\/motus-graz.at\\\/?s={search_term_string}\"},\"query-input\":{\"@type\":\"PropertyValueSpecification\",\"valueRequired\":true,\"valueName\":\"search_term_string\"}}],\"inLanguage\":\"de-AT\"}]}<\/script>\n<!-- \/ Yoast SEO plugin. -->","yoast_head_json":{"title":"Mitglied beim STTTV - SPORTUNION motus GRAZ","robots":{"index":"index","follow":"follow","max-snippet":"max-snippet:-1","max-image-preview":"max-image-preview:large","max-video-preview":"max-video-preview:-1"},"canonical":"https:\/\/motus-graz.at\/?page_id=199","og_locale":"de_DE","og_type":"article","og_title":"Mitglied beim STTTV - SPORTUNION motus GRAZ","og_description":"Der Verein ist Mitglied beim Steirischen Tischtennisverband &#8211; STTTV. Links zu \u00fcbergeordneten Fachverb\u00e4nden: \u00d6sterreichischer Tischtennisverband &#8211; \u00d6TTV Europ\u00e4ischer Tischtennisverband \u2013 ETTU Internationaler Tischtennisverband \u2013 ITTF","og_url":"https:\/\/motus-graz.at\/?page_id=199","og_site_name":"SPORTUNION motus GRAZ","article_modified_time":"2026-05-16T19:30:18+00:00","og_image":[{"width":2560,"height":1033,"url":"https:\/\/motus-graz.at\/wp-content\/uploads\/2026\/05\/stttv_blue_red-scaled.png","type":"image\/png"}],"twitter_card":"summary_large_image","twitter_misc":{"Gesch\u00e4tzte Lesezeit":"1 Minute"},"schema":{"@context":"https:\/\/schema.org","@graph":[{"@type":"WebPage","@id":"https:\/\/motus-graz.at\/?page_id=199","url":"https:\/\/motus-graz.at\/?page_id=199","name":"Mitglied beim STTTV - SPORTUNION motus GRAZ","isPartOf":{"@id":"https:\/\/motus-graz.at\/#website"},"primaryImageOfPage":{"@id":"https:\/\/motus-graz.at\/?page_id=199#primaryimage"},"image":{"@id":"https:\/\/motus-graz.at\/?page_id=199#primaryimage"},"thumbnailUrl":"https:\/\/motus-graz.at\/wp-content\/uploads\/2026\/05\/stttv_blue_red-1024x413.png","datePublished":"2026-05-16T19:30:16+00:00","dateModified":"2026-05-16T19:30:18+00:00","breadcrumb":{"@id":"https:\/\/motus-graz.at\/?page_id=199#breadcrumb"},"inLanguage":"de-AT","potentialAction":[{"@type":"ReadAction","target":["https:\/\/motus-graz.at\/?page_id=199"]}]},{"@type":"ImageObject","inLanguage":"de-AT","@id":"https:\/\/motus-graz.at\/?page_id=199#primaryimage","url":"https:\/\/motus-graz.at\/wp-content\/uploads\/2026\/05\/stttv_blue_red-scaled.png","contentUrl":"https:\/\/motus-graz.at\/wp-content\/uploads\/2026\/05\/stttv_blue_red-scaled.png","width":2560,"height":1033},{"@type":"BreadcrumbList","@id":"https:\/\/motus-graz.at\/?page_id=199#breadcrumb","itemListElement":[{"@type":"ListItem","position":1,"name":"Startseite","item":"https:\/\/motus-graz.at\/"},{"@type":"ListItem","position":2,"name":"Mitglied beim STTTV"}]},{"@type":"WebSite","@id":"https:\/\/motus-graz.at\/#website","url":"https:\/\/motus-graz.at\/","name":"SPORTUNION motus GRAZ","description":"Tischtennis","potentialAction":[{"@type":"SearchAction","target":{"@type":"EntryPoint","urlTemplate":"https:\/\/motus-graz.at\/?s={search_term_string}"},"query-input":{"@type":"PropertyValueSpecification","valueRequired":true,"valueName":"search_term_string"}}],"inLanguage":"de-AT"}]}},"_links":{"self":[{"href":"https:\/\/motus-graz.at\/index.php?rest_route=\/wp\/v2\/pages\/199","targetHints":{"allow":["GET"]}}],"collection":[{"href":"https:\/\/motus-graz.at\/index.php?rest_route=\/wp\/v2\/pages"}],"about":[{"href":"https:\/\/motus-graz.at\/index.php?rest_route=\/wp\/v2\/types\/page"}],"author":[{"embeddable":true,"href":"https:\/\/motus-graz.at\/index.php?rest_route=\/wp\/v2\/users\/1"}],"replies":[{"embeddable":true,"href":"https:\/\/motus-graz.at\/index.php?rest_route=%2Fwp%2Fv2%2Fcomments&post=199"}],"version-history":[{"count":4,"href":"https:\/\/motus-graz.at\/index.php?rest_route=\/wp\/v2\/pages\/199\/revisions"}],"predecessor-version":[{"id":241,"href":"https:\/\/motus-graz.at\/index.php?rest_route=\/wp\/v2\/pages\/199\/revisions\/241"}],"wp:attachment":[{"href":"https:\/\/motus-graz.at\/index.php?rest_route=%2Fwp%2Fv2%2Fmedia&parent=199"}],"curies":[{"name":"wp","href":"https:\/\/api.w.org\/{rel}","templated":true}]}}