{"id":201,"date":"2026-05-08T20:18:18","date_gmt":"2026-05-08T20:18:18","guid":{"rendered":"https:\/\/motus-graz.at\/?page_id=201"},"modified":"2026-05-11T19:50:24","modified_gmt":"2026-05-11T19:50:24","slug":"training","status":"publish","type":"page","link":"https:\/\/motus-graz.at\/?page_id=201","title":{"rendered":"Training"},"content":{"rendered":"\n<p>Ab September trainieren wir in der <a href=\"https:\/\/www.wsks-graz.at\/\">Waldorfschule Karl Schubert &#8211; Graz<\/a>.<\/p>\n\n\n\n<figure class=\"wp-block-pullquote\" style=\"padding-top:var(--wp--preset--spacing--superbspacing-small);padding-bottom:var(--wp--preset--spacing--superbspacing-small)\"><blockquote><p>\ud83d\udccd <a href=\"https:\/\/www.google.com\/maps\/place\/Waldorfschule+Karl+Schubert+%C2%B7+Graz\/@47.0991709,15.5302521,742m\/data=!3m2!1e3!4b1!4m6!3m5!1s0x476e496290f1bdef:0x16f02dfe0b5d8c47!8m2!3d47.0991709!4d15.532827!16s%2Fg%2F1th80rhw?entry=ttu&amp;g_ep=EgoyMDI2MDUwNi4wIKXMDSoASAFQAw%3D%3D\">Ort<\/a><\/p><cite>Waldorfschule Karl Schubert \u00b7 Graz<br>Riesstra\u00dfe 351<br>8010 Graz<\/cite><\/blockquote><\/figure>\n\n\n\n<p>An <strong>Montagen, Mittwochen und Freitagen<\/strong> findet dort unser <strong>Kinder- und Jugendtraining von 16:30 bis 18:30<\/strong> statt. Am <strong>Freitag<\/strong> steht die Halle anschlie\u00dfend <strong>bis 21:30<\/strong> allen Mitgliedern f\u00fcr freies Training offen.<\/p>\n\n\n\n<figure class=\"wp-block-pullquote\" style=\"margin-top:0;margin-bottom:0;padding-top:var(--wp--preset--spacing--superbspacing-small);padding-bottom:var(--wp--preset--spacing--superbspacing-small)\"><blockquote><p>\ud83d\udd52 Trainingszeiten<\/p><cite><strong>Montag:<\/strong> 16:30 \u2013 18:30<br><strong>Mittwoch:<\/strong> 16:30 \u2013 18:30<br><strong>Freitag:<\/strong> 16:30 \u2013 21:30<\/cite><\/blockquote><\/figure>\n\n\n\n<p>Der <strong>Turnsaal mit \u00fcber 300 m\u00b2<\/strong> bietet ideale Bedingungen und verf\u00fcgt \u00fcber mehrere <strong>Umkleiden und Sanit\u00e4ranlagen<\/strong>.<\/p>\n\n\n\n<p>Auf dem Schulgel\u00e4nde stehen <strong>kostenlose Parkpl\u00e4tze<\/strong> zur Verf\u00fcgung.<\/p>\n\n\n\n<p>Die Anreise mit \u00f6ffentlichen Verkehrsmitteln ist ebenfalls bequem: Die Linien <strong><a href=\"https:\/\/www.verbundlinie.at\/components\/com_timetable\/uploads\/94-X40-m-j26-1.pdf\">X40<\/a>, <a href=\"https:\/\/www.verbundlinie.at\/components\/com_timetable\/uploads\/94-300-m-j26-1.pdf\">300<\/a>, <a href=\"https:\/\/www.verbundlinie.at\/components\/com_timetable\/uploads\/94-350-m-j26-1.pdf\">350<\/a>, <a href=\"https:\/\/www.verbundlinie.at\/components\/com_timetable\/uploads\/94-351-m-j26-1.pdf\">351<\/a>, <a href=\"https:\/\/www.verbundlinie.at\/components\/com_timetable\/uploads\/94-352-m-j26-1.pdf\">352<\/a> und <a href=\"https:\/\/www.verbundlinie.at\/components\/com_timetable\/uploads\/94-470-m-j26-1.pdf\">470<\/a><\/strong> halten direkt vor der Schule. Aus Graz kommend sind davon die Regionalbusse <a href=\"https:\/\/www.verbundlinie.at\/components\/com_timetable\/uploads\/94-350-m-j26-1.pdf\">350<\/a>, <a href=\"https:\/\/www.verbundlinie.at\/components\/com_timetable\/uploads\/94-351-m-j26-1.pdf\">351<\/a> und <a href=\"https:\/\/www.verbundlinie.at\/components\/com_timetable\/uploads\/94-352-m-j26-1.pdf\">352<\/a> relevant.<\/p>\n\n\n\n<figure class=\"wp-block-image aligncenter size-large\"><img loading=\"lazy\" decoding=\"async\" width=\"1024\" height=\"461\" src=\"https:\/\/motus-graz.at\/wp-content\/uploads\/2026\/05\/IMG_8273-1024x461.jpg\" alt=\"\" class=\"wp-image-232\" srcset=\"https:\/\/motus-graz.at\/wp-content\/uploads\/2026\/05\/IMG_8273-1024x461.jpg 1024w, https:\/\/motus-graz.at\/wp-content\/uploads\/2026\/05\/IMG_8273-300x135.jpg 300w, https:\/\/motus-graz.at\/wp-content\/uploads\/2026\/05\/IMG_8273-768x346.jpg 768w, https:\/\/motus-graz.at\/wp-content\/uploads\/2026\/05\/IMG_8273-1536x691.jpg 1536w, https:\/\/motus-graz.at\/wp-content\/uploads\/2026\/05\/IMG_8273.jpg 1600w\" sizes=\"auto, (max-width: 1024px) 100vw, 1024px\" \/><\/figure>\n","protected":false},"excerpt":{"rendered":"<p>Ab September trainieren wir in der Waldorfschule Karl Schubert &#8211; Graz. \ud83d\udccd Ort Waldorfschule Karl Schubert \u00b7 GrazRiesstra\u00dfe 3518010 Graz An Montagen, Mittwochen und Freitagen findet dort unser Kinder- und Jugendtraining von 16:30 bis 18:30 statt. Am Freitag steht die Halle anschlie\u00dfend bis 21:30 allen Mitgliedern f\u00fcr freies Training offen. \ud83d\udd52 Trainingszeiten Montag: 16:30 \u2013 [&hellip;]<\/p>\n","protected":false},"author":1,"featured_media":0,"parent":0,"menu_order":0,"comment_status":"closed","ping_status":"closed","template":"","meta":{"footnotes":""},"class_list":["post-201","page","type-page","status-publish","hentry"],"yoast_head":"<!-- This site is optimized with the Yoast SEO plugin v27.6 - https:\/\/yoast.com\/product\/yoast-seo-wordpress\/ -->\n<title>Training - SPORTUNION motus GRAZ<\/title>\n<meta name=\"robots\" content=\"index, follow, max-snippet:-1, max-image-preview:large, max-video-preview:-1\" \/>\n<link rel=\"canonical\" href=\"https:\/\/motus-graz.at\/?page_id=201\" \/>\n<meta property=\"og:locale\" content=\"de_DE\" \/>\n<meta property=\"og:type\" content=\"article\" \/>\n<meta property=\"og:title\" content=\"Training - SPORTUNION motus GRAZ\" \/>\n<meta property=\"og:description\" content=\"Ab September trainieren wir in der Waldorfschule Karl Schubert &#8211; Graz. \ud83d\udccd Ort Waldorfschule Karl Schubert \u00b7 GrazRiesstra\u00dfe 3518010 Graz An Montagen, Mittwochen und Freitagen findet dort unser Kinder- und Jugendtraining von 16:30 bis 18:30 statt. Am Freitag steht die Halle anschlie\u00dfend bis 21:30 allen Mitgliedern f\u00fcr freies Training offen. \ud83d\udd52 Trainingszeiten Montag: 16:30 \u2013 [&hellip;]\" \/>\n<meta property=\"og:url\" content=\"https:\/\/motus-graz.at\/?page_id=201\" \/>\n<meta property=\"og:site_name\" content=\"SPORTUNION motus GRAZ\" \/>\n<meta property=\"article:modified_time\" content=\"2026-05-11T19:50:24+00:00\" \/>\n<meta property=\"og:image\" content=\"https:\/\/motus-graz.at\/wp-content\/uploads\/2026\/05\/IMG_8273.jpg\" \/>\n\t<meta property=\"og:image:width\" content=\"1600\" \/>\n\t<meta property=\"og:image:height\" content=\"720\" \/>\n\t<meta property=\"og:image:type\" content=\"image\/jpeg\" \/>\n<meta name=\"twitter:card\" content=\"summary_large_image\" \/>\n<meta name=\"twitter:label1\" content=\"Gesch\u00e4tzte Lesezeit\" \/>\n\t<meta name=\"twitter:data1\" content=\"1 Minute\" \/>\n<script type=\"application\/ld+json\" class=\"yoast-schema-graph\">{\"@context\":\"https:\\\/\\\/schema.org\",\"@graph\":[{\"@type\":\"WebPage\",\"@id\":\"https:\\\/\\\/motus-graz.at\\\/?page_id=201\",\"url\":\"https:\\\/\\\/motus-graz.at\\\/?page_id=201\",\"name\":\"Training - SPORTUNION motus GRAZ\",\"isPartOf\":{\"@id\":\"https:\\\/\\\/motus-graz.at\\\/#website\"},\"primaryImageOfPage\":{\"@id\":\"https:\\\/\\\/motus-graz.at\\\/?page_id=201#primaryimage\"},\"image\":{\"@id\":\"https:\\\/\\\/motus-graz.at\\\/?page_id=201#primaryimage\"},\"thumbnailUrl\":\"https:\\\/\\\/motus-graz.at\\\/wp-content\\\/uploads\\\/2026\\\/05\\\/IMG_8273-1024x461.jpg\",\"datePublished\":\"2026-05-08T20:18:18+00:00\",\"dateModified\":\"2026-05-11T19:50:24+00:00\",\"breadcrumb\":{\"@id\":\"https:\\\/\\\/motus-graz.at\\\/?page_id=201#breadcrumb\"},\"inLanguage\":\"de-AT\",\"potentialAction\":[{\"@type\":\"ReadAction\",\"target\":[\"https:\\\/\\\/motus-graz.at\\\/?page_id=201\"]}]},{\"@type\":\"ImageObject\",\"inLanguage\":\"de-AT\",\"@id\":\"https:\\\/\\\/motus-graz.at\\\/?page_id=201#primaryimage\",\"url\":\"https:\\\/\\\/motus-graz.at\\\/wp-content\\\/uploads\\\/2026\\\/05\\\/IMG_8273.jpg\",\"contentUrl\":\"https:\\\/\\\/motus-graz.at\\\/wp-content\\\/uploads\\\/2026\\\/05\\\/IMG_8273.jpg\",\"width\":1600,\"height\":720},{\"@type\":\"BreadcrumbList\",\"@id\":\"https:\\\/\\\/motus-graz.at\\\/?page_id=201#breadcrumb\",\"itemListElement\":[{\"@type\":\"ListItem\",\"position\":1,\"name\":\"Startseite\",\"item\":\"https:\\\/\\\/motus-graz.at\\\/\"},{\"@type\":\"ListItem\",\"position\":2,\"name\":\"Training\"}]},{\"@type\":\"WebSite\",\"@id\":\"https:\\\/\\\/motus-graz.at\\\/#website\",\"url\":\"https:\\\/\\\/motus-graz.at\\\/\",\"name\":\"SPORTUNION motus GRAZ\",\"description\":\"Tischtennis\",\"potentialAction\":[{\"@type\":\"SearchAction\",\"target\":{\"@type\":\"EntryPoint\",\"urlTemplate\":\"https:\\\/\\\/motus-graz.at\\\/?s={search_term_string}\"},\"query-input\":{\"@type\":\"PropertyValueSpecification\",\"valueRequired\":true,\"valueName\":\"search_term_string\"}}],\"inLanguage\":\"de-AT\"}]}<\/script>\n<!-- \/ Yoast SEO plugin. -->","yoast_head_json":{"title":"Training - SPORTUNION motus GRAZ","robots":{"index":"index","follow":"follow","max-snippet":"max-snippet:-1","max-image-preview":"max-image-preview:large","max-video-preview":"max-video-preview:-1"},"canonical":"https:\/\/motus-graz.at\/?page_id=201","og_locale":"de_DE","og_type":"article","og_title":"Training - SPORTUNION motus GRAZ","og_description":"Ab September trainieren wir in der Waldorfschule Karl Schubert &#8211; Graz. \ud83d\udccd Ort Waldorfschule Karl Schubert \u00b7 GrazRiesstra\u00dfe 3518010 Graz An Montagen, Mittwochen und Freitagen findet dort unser Kinder- und Jugendtraining von 16:30 bis 18:30 statt. Am Freitag steht die Halle anschlie\u00dfend bis 21:30 allen Mitgliedern f\u00fcr freies Training offen. \ud83d\udd52 Trainingszeiten Montag: 16:30 \u2013 [&hellip;]","og_url":"https:\/\/motus-graz.at\/?page_id=201","og_site_name":"SPORTUNION motus GRAZ","article_modified_time":"2026-05-11T19:50:24+00:00","og_image":[{"width":1600,"height":720,"url":"https:\/\/motus-graz.at\/wp-content\/uploads\/2026\/05\/IMG_8273.jpg","type":"image\/jpeg"}],"twitter_card":"summary_large_image","twitter_misc":{"Gesch\u00e4tzte Lesezeit":"1 Minute"},"schema":{"@context":"https:\/\/schema.org","@graph":[{"@type":"WebPage","@id":"https:\/\/motus-graz.at\/?page_id=201","url":"https:\/\/motus-graz.at\/?page_id=201","name":"Training - SPORTUNION motus GRAZ","isPartOf":{"@id":"https:\/\/motus-graz.at\/#website"},"primaryImageOfPage":{"@id":"https:\/\/motus-graz.at\/?page_id=201#primaryimage"},"image":{"@id":"https:\/\/motus-graz.at\/?page_id=201#primaryimage"},"thumbnailUrl":"https:\/\/motus-graz.at\/wp-content\/uploads\/2026\/05\/IMG_8273-1024x461.jpg","datePublished":"2026-05-08T20:18:18+00:00","dateModified":"2026-05-11T19:50:24+00:00","breadcrumb":{"@id":"https:\/\/motus-graz.at\/?page_id=201#breadcrumb"},"inLanguage":"de-AT","potentialAction":[{"@type":"ReadAction","target":["https:\/\/motus-graz.at\/?page_id=201"]}]},{"@type":"ImageObject","inLanguage":"de-AT","@id":"https:\/\/motus-graz.at\/?page_id=201#primaryimage","url":"https:\/\/motus-graz.at\/wp-content\/uploads\/2026\/05\/IMG_8273.jpg","contentUrl":"https:\/\/motus-graz.at\/wp-content\/uploads\/2026\/05\/IMG_8273.jpg","width":1600,"height":720},{"@type":"BreadcrumbList","@id":"https:\/\/motus-graz.at\/?page_id=201#breadcrumb","itemListElement":[{"@type":"ListItem","position":1,"name":"Startseite","item":"https:\/\/motus-graz.at\/"},{"@type":"ListItem","position":2,"name":"Training"}]},{"@type":"WebSite","@id":"https:\/\/motus-graz.at\/#website","url":"https:\/\/motus-graz.at\/","name":"SPORTUNION motus GRAZ","description":"Tischtennis","potentialAction":[{"@type":"SearchAction","target":{"@type":"EntryPoint","urlTemplate":"https:\/\/motus-graz.at\/?s={search_term_string}"},"query-input":{"@type":"PropertyValueSpecification","valueRequired":true,"valueName":"search_term_string"}}],"inLanguage":"de-AT"}]}},"_links":{"self":[{"href":"https:\/\/motus-graz.at\/index.php?rest_route=\/wp\/v2\/pages\/201","targetHints":{"allow":["GET"]}}],"collection":[{"href":"https:\/\/motus-graz.at\/index.php?rest_route=\/wp\/v2\/pages"}],"about":[{"href":"https:\/\/motus-graz.at\/index.php?rest_route=\/wp\/v2\/types\/page"}],"author":[{"embeddable":true,"href":"https:\/\/motus-graz.at\/index.php?rest_route=\/wp\/v2\/users\/1"}],"replies":[{"embeddable":true,"href":"https:\/\/motus-graz.at\/index.php?rest_route=%2Fwp%2Fv2%2Fcomments&post=201"}],"version-history":[{"count":8,"href":"https:\/\/motus-graz.at\/index.php?rest_route=\/wp\/v2\/pages\/201\/revisions"}],"predecessor-version":[{"id":237,"href":"https:\/\/motus-graz.at\/index.php?rest_route=\/wp\/v2\/pages\/201\/revisions\/237"}],"wp:attachment":[{"href":"https:\/\/motus-graz.at\/index.php?rest_route=%2Fwp%2Fv2%2Fmedia&parent=201"}],"curies":[{"name":"wp","href":"https:\/\/api.w.org\/{rel}","templated":true}]}}