{"id":29,"date":"2026-03-17T22:04:33","date_gmt":"2026-03-17T22:04:33","guid":{"rendered":"https:\/\/motus-graz.at\/?page_id=29"},"modified":"2026-05-08T12:35:28","modified_gmt":"2026-05-08T12:35:28","slug":"ueber-uns","status":"publish","type":"page","link":"https:\/\/motus-graz.at\/?page_id=29","title":{"rendered":"\u00dcber uns"},"content":{"rendered":"\n<p><\/p>\n\n\n\n<h2 class=\"wp-block-heading has-text-color has-link-color wp-elements-a20b26d496b1636f2ecbc927dd13d8b6\" style=\"color:#09d1cc\">motus<\/h2>\n\n\n\n<p>Das lateinische Substantiv \u201emotus\u201c (-\u016bs, m.) bedeutet prim\u00e4r Bewegung, umfasst aber auch Sinne wie Ersch\u00fctterung, Regung (Gem\u00fctsbewegung), Aufruhr, Antrieb und Ver\u00e4nderung. Es leitet sich vom Verb \u201emovere\u201c (bewegen) ab und beschreibt allgemein einen Zustand jenseits der Ruhe.<\/p>\n\n\n\n<p><strong>m &#8211; Motivation<\/strong><\/p>\n\n\n\n<p>Motivation ist der Antrieb f\u00fcr Training, Wettkampf und pers\u00f6nliche Weiterentwicklung. Der Verein f\u00f6rdert Freude am Spiel, Ehrgeiz und Durchhalteverm\u00f6gen \u2013 vom Anf\u00e4nger bis zum Leistungsspieler.<\/p>\n\n\n\n<p><strong>o &#8211; Organisation<\/strong><\/p>\n\n\n\n<p>Der Verein schafft verl\u00e4ssliche Strukturen: Trainingszeiten, Meisterschaftsbetrieb, Turniere und Vereinsleben. Organisation sorgt daf\u00fcr, dass sich alle auf das Wesentliche konzentrieren k\u00f6nnen: das Spiel.<\/p>\n\n\n\n<p><strong>t &#8211; Technik<\/strong><\/p>\n\n\n\n<p>Technik ist das Herzst\u00fcck des Tischtennis. Der Verein legt Wert auf saubere Technik, taktisches Verst\u00e4ndnis und kontinuierliche Verbesserung durch qualifiziertes Training.<\/p>\n\n\n\n<p><strong>u &#8211; Unterst\u00fctzung<\/strong><\/p>\n\n\n\n<p>Im Verein unterst\u00fctzt man sich gegenseitig: Spieler, Trainer und Eltern. Teamgeist, Fairplay und Zusammenhalt stehen im Mittelpunkt \u2013 sowohl sportlich als auch menschlich.<\/p>\n\n\n\n<p><strong>s &#8211; Spa\u00df<\/strong><\/p>\n\n\n\n<p>Spa\u00df am Tischtennis ist die Grundlage von Allem. Freude am Spiel, gemeinschaftliche Aktivit\u00e4ten und ein positives Vereinsklima sorgen daf\u00fcr, dass man gerne kommt und bleibt.<\/p>\n\n\n\n<p><\/p>\n","protected":false},"excerpt":{"rendered":"<p>motus Das lateinische Substantiv \u201emotus\u201c (-\u016bs, m.) bedeutet prim\u00e4r Bewegung, umfasst aber auch Sinne wie Ersch\u00fctterung, Regung (Gem\u00fctsbewegung), Aufruhr, Antrieb und Ver\u00e4nderung. Es leitet sich vom Verb \u201emovere\u201c (bewegen) ab und beschreibt allgemein einen Zustand jenseits der Ruhe. m &#8211; Motivation Motivation ist der Antrieb f\u00fcr Training, Wettkampf und pers\u00f6nliche Weiterentwicklung. Der Verein f\u00f6rdert Freude [&hellip;]<\/p>\n","protected":false},"author":1,"featured_media":0,"parent":15,"menu_order":0,"comment_status":"closed","ping_status":"closed","template":"","meta":{"footnotes":""},"class_list":["post-29","page","type-page","status-publish","hentry"],"yoast_head":"<!-- This site is optimized with the Yoast SEO plugin v27.6 - https:\/\/yoast.com\/product\/yoast-seo-wordpress\/ -->\n<title>\u00dcber uns - SPORTUNION motus GRAZ<\/title>\n<meta name=\"robots\" content=\"index, follow, max-snippet:-1, max-image-preview:large, max-video-preview:-1\" \/>\n<link rel=\"canonical\" href=\"https:\/\/motus-graz.at\/?page_id=29\" \/>\n<meta property=\"og:locale\" content=\"de_DE\" \/>\n<meta property=\"og:type\" content=\"article\" \/>\n<meta property=\"og:title\" content=\"\u00dcber uns - SPORTUNION motus GRAZ\" \/>\n<meta property=\"og:description\" content=\"motus Das lateinische Substantiv \u201emotus\u201c (-\u016bs, m.) bedeutet prim\u00e4r Bewegung, umfasst aber auch Sinne wie Ersch\u00fctterung, Regung (Gem\u00fctsbewegung), Aufruhr, Antrieb und Ver\u00e4nderung. Es leitet sich vom Verb \u201emovere\u201c (bewegen) ab und beschreibt allgemein einen Zustand jenseits der Ruhe. m &#8211; Motivation Motivation ist der Antrieb f\u00fcr Training, Wettkampf und pers\u00f6nliche Weiterentwicklung. Der Verein f\u00f6rdert Freude [&hellip;]\" \/>\n<meta property=\"og:url\" content=\"https:\/\/motus-graz.at\/?page_id=29\" \/>\n<meta property=\"og:site_name\" content=\"SPORTUNION motus GRAZ\" \/>\n<meta property=\"article:modified_time\" content=\"2026-05-08T12:35:28+00:00\" \/>\n<meta name=\"twitter:card\" content=\"summary_large_image\" \/>\n<meta name=\"twitter:label1\" content=\"Gesch\u00e4tzte Lesezeit\" \/>\n\t<meta name=\"twitter:data1\" content=\"2 Minuten\" \/>\n<script type=\"application\/ld+json\" class=\"yoast-schema-graph\">{\"@context\":\"https:\\\/\\\/schema.org\",\"@graph\":[{\"@type\":\"WebPage\",\"@id\":\"https:\\\/\\\/motus-graz.at\\\/?page_id=29\",\"url\":\"https:\\\/\\\/motus-graz.at\\\/?page_id=29\",\"name\":\"\u00dcber uns - SPORTUNION motus GRAZ\",\"isPartOf\":{\"@id\":\"https:\\\/\\\/motus-graz.at\\\/#website\"},\"datePublished\":\"2026-03-17T22:04:33+00:00\",\"dateModified\":\"2026-05-08T12:35:28+00:00\",\"breadcrumb\":{\"@id\":\"https:\\\/\\\/motus-graz.at\\\/?page_id=29#breadcrumb\"},\"inLanguage\":\"de-AT\",\"potentialAction\":[{\"@type\":\"ReadAction\",\"target\":[\"https:\\\/\\\/motus-graz.at\\\/?page_id=29\"]}]},{\"@type\":\"BreadcrumbList\",\"@id\":\"https:\\\/\\\/motus-graz.at\\\/?page_id=29#breadcrumb\",\"itemListElement\":[{\"@type\":\"ListItem\",\"position\":1,\"name\":\"Startseite\",\"item\":\"https:\\\/\\\/motus-graz.at\\\/\"},{\"@type\":\"ListItem\",\"position\":2,\"name\":\"Home\",\"item\":\"https:\\\/\\\/motus-graz.at\\\/\"},{\"@type\":\"ListItem\",\"position\":3,\"name\":\"\u00dcber uns\"}]},{\"@type\":\"WebSite\",\"@id\":\"https:\\\/\\\/motus-graz.at\\\/#website\",\"url\":\"https:\\\/\\\/motus-graz.at\\\/\",\"name\":\"SPORTUNION motus GRAZ\",\"description\":\"Tischtennis\",\"potentialAction\":[{\"@type\":\"SearchAction\",\"target\":{\"@type\":\"EntryPoint\",\"urlTemplate\":\"https:\\\/\\\/motus-graz.at\\\/?s={search_term_string}\"},\"query-input\":{\"@type\":\"PropertyValueSpecification\",\"valueRequired\":true,\"valueName\":\"search_term_string\"}}],\"inLanguage\":\"de-AT\"}]}<\/script>\n<!-- \/ Yoast SEO plugin. -->","yoast_head_json":{"title":"\u00dcber uns - SPORTUNION motus GRAZ","robots":{"index":"index","follow":"follow","max-snippet":"max-snippet:-1","max-image-preview":"max-image-preview:large","max-video-preview":"max-video-preview:-1"},"canonical":"https:\/\/motus-graz.at\/?page_id=29","og_locale":"de_DE","og_type":"article","og_title":"\u00dcber uns - SPORTUNION motus GRAZ","og_description":"motus Das lateinische Substantiv \u201emotus\u201c (-\u016bs, m.) bedeutet prim\u00e4r Bewegung, umfasst aber auch Sinne wie Ersch\u00fctterung, Regung (Gem\u00fctsbewegung), Aufruhr, Antrieb und Ver\u00e4nderung. Es leitet sich vom Verb \u201emovere\u201c (bewegen) ab und beschreibt allgemein einen Zustand jenseits der Ruhe. m &#8211; Motivation Motivation ist der Antrieb f\u00fcr Training, Wettkampf und pers\u00f6nliche Weiterentwicklung. Der Verein f\u00f6rdert Freude [&hellip;]","og_url":"https:\/\/motus-graz.at\/?page_id=29","og_site_name":"SPORTUNION motus GRAZ","article_modified_time":"2026-05-08T12:35:28+00:00","twitter_card":"summary_large_image","twitter_misc":{"Gesch\u00e4tzte Lesezeit":"2 Minuten"},"schema":{"@context":"https:\/\/schema.org","@graph":[{"@type":"WebPage","@id":"https:\/\/motus-graz.at\/?page_id=29","url":"https:\/\/motus-graz.at\/?page_id=29","name":"\u00dcber uns - SPORTUNION motus GRAZ","isPartOf":{"@id":"https:\/\/motus-graz.at\/#website"},"datePublished":"2026-03-17T22:04:33+00:00","dateModified":"2026-05-08T12:35:28+00:00","breadcrumb":{"@id":"https:\/\/motus-graz.at\/?page_id=29#breadcrumb"},"inLanguage":"de-AT","potentialAction":[{"@type":"ReadAction","target":["https:\/\/motus-graz.at\/?page_id=29"]}]},{"@type":"BreadcrumbList","@id":"https:\/\/motus-graz.at\/?page_id=29#breadcrumb","itemListElement":[{"@type":"ListItem","position":1,"name":"Startseite","item":"https:\/\/motus-graz.at\/"},{"@type":"ListItem","position":2,"name":"Home","item":"https:\/\/motus-graz.at\/"},{"@type":"ListItem","position":3,"name":"\u00dcber uns"}]},{"@type":"WebSite","@id":"https:\/\/motus-graz.at\/#website","url":"https:\/\/motus-graz.at\/","name":"SPORTUNION motus GRAZ","description":"Tischtennis","potentialAction":[{"@type":"SearchAction","target":{"@type":"EntryPoint","urlTemplate":"https:\/\/motus-graz.at\/?s={search_term_string}"},"query-input":{"@type":"PropertyValueSpecification","valueRequired":true,"valueName":"search_term_string"}}],"inLanguage":"de-AT"}]}},"_links":{"self":[{"href":"https:\/\/motus-graz.at\/index.php?rest_route=\/wp\/v2\/pages\/29","targetHints":{"allow":["GET"]}}],"collection":[{"href":"https:\/\/motus-graz.at\/index.php?rest_route=\/wp\/v2\/pages"}],"about":[{"href":"https:\/\/motus-graz.at\/index.php?rest_route=\/wp\/v2\/types\/page"}],"author":[{"embeddable":true,"href":"https:\/\/motus-graz.at\/index.php?rest_route=\/wp\/v2\/users\/1"}],"replies":[{"embeddable":true,"href":"https:\/\/motus-graz.at\/index.php?rest_route=%2Fwp%2Fv2%2Fcomments&post=29"}],"version-history":[{"count":13,"href":"https:\/\/motus-graz.at\/index.php?rest_route=\/wp\/v2\/pages\/29\/revisions"}],"predecessor-version":[{"id":215,"href":"https:\/\/motus-graz.at\/index.php?rest_route=\/wp\/v2\/pages\/29\/revisions\/215"}],"up":[{"embeddable":true,"href":"https:\/\/motus-graz.at\/index.php?rest_route=\/wp\/v2\/pages\/15"}],"wp:attachment":[{"href":"https:\/\/motus-graz.at\/index.php?rest_route=%2Fwp%2Fv2%2Fmedia&parent=29"}],"curies":[{"name":"wp","href":"https:\/\/api.w.org\/{rel}","templated":true}]}}